{"id":66,"date":"2017-02-22T15:45:12","date_gmt":"2017-02-22T14:45:12","guid":{"rendered":"http:\/\/www.agridomaine.com\/wp\/?page_id=66"},"modified":"2022-06-13T15:19:14","modified_gmt":"2022-06-13T13:19:14","slug":"qui-sommes-nous","status":"publish","type":"page","link":"http:\/\/www.agridomaine.com\/?page_id=66","title":{"rendered":"Qui sommes-nous ?"},"content":{"rendered":"<\/div><\/div><\/div><!-- close content main div --><\/div><\/div><div  class='avia-section main_color avia-section-default avia-no-shadow avia-bg-style-scroll  container_wrap sidebar_right'   ><div class='container' ><div class='template-page content  av-content-small alpha units'><div class='post-entry post-entry-type-page post-entry-66'><div class='entry-content-wrapper clearfix'><\/div><\/div><\/div><!-- close content main div --><\/div><\/div><div id='after_section_1' class='main_color av_default_container_wrap container_wrap sidebar_right'   ><div class='container' ><div class='template-page content  av-content-small alpha units'><div class='post-entry post-entry-type-page post-entry-66'><div class='entry-content-wrapper clearfix'>\n<div class=\"flex_column av_one_half  flex_column_div av-zero-column-padding first  \" style='border-radius:0px; '><p><div style='padding-bottom:0px;' class='av-special-heading av-special-heading-h2  blockquote modern-quote modern-centered  '><h2 class='av-special-heading-tag'  itemprop=\"headline\"  >une expertise reconnue<\/h2><div class='special-heading-border'><div class='special-heading-inner-border' ><\/div><\/div><\/div><br \/>\n<div style=' margin-top:5px; margin-bottom:35px;'  class='hr hr-custom hr-center hr-icon-no '><span class='hr-inner   inner-border-av-border-fat' style=' width:50px; border-color:#efbb20;' ><span class='hr-inner-style'><\/span><\/span><\/div><br \/>\n<section class=\"av_textblock_section\"  itemscope=\"itemscope\" itemtype=\"https:\/\/schema.org\/CreativeWork\" ><div class='avia_textblock '   itemprop=\"text\" ><h4>AGRIDOMAINE,<\/h4>\n<h4><strong>&nbsp; &nbsp;PAR<\/strong> LES AGRICULTEURS \u2026<\/h4>\n<h4><strong>&nbsp; &nbsp; &nbsp; POUR<\/strong> LES AGRICULTEURS<\/h4>\n<p>Agridomaine b\u00e9n\u00e9ficie de l\u2019expertise des deux centres techniques: le <strong>GrCeta de l&rsquo;Ile de France<\/strong> et le <strong>GrCeta de l&rsquo;Evreucin<\/strong>.&nbsp;En effet, depuis plus de 60 ans ces 2 associations apportent leur savoir faire en agronomie aux agriculteurs d&rsquo;Ile de France et du d\u00e9partement de l&rsquo;Eure, ainsi que des r\u00e9gions limitrophes sur plus de 100 000 ha.<\/p>\n<\/div><\/section><\/p><\/div>\n<div class=\"flex_column av_one_half  flex_column_div av-zero-column-padding   \" style='border-radius:0px; '><div  data-autoplay='false'  data-interval='5'  data-animation='slide'  class='avia-logo-element-container av-border-deactivate avia-logo-grid avia-content-slider avia-smallarrow-slider avia-content-grid-active noHover avia-content-slider1 avia-content-slider-even ' ><div class='avia-smallarrow-slider-heading  no-logo-slider-heading '><div class='new-special-heading'>&nbsp;<\/div><\/div><div class='avia-content-slider-inner'><div class='slide-entry-wrap'  itemscope=\"itemscope\" itemtype=\"https:\/\/schema.org\/ImageObject\" ><div data-avia-tooltip=\"GRCETA Ile de France\" class='slide-entry flex_column no_margin post-entry slide-entry-overview slide-loop-1 slide-parity-odd  av_one_half first real-thumbnail'><a href='http:\/\/grcetaidf.fr\/' data-rel='slide-1' class='slide-image' title=''  target=\"_blank\"  ><img  itemprop=\"contentURL\"  width=\"727\" height=\"425\" src=\"http:\/\/www.agridomaine.com\/wp\/wp-content\/uploads\/2015\/10\/logo_grceta_idf_vecto.png\" class=\"attachment-no scaling size-no scaling\" alt=\"\" loading=\"lazy\" srcset=\"http:\/\/www.agridomaine.com\/wp\/wp-content\/uploads\/2015\/10\/logo_grceta_idf_vecto.png 727w, http:\/\/www.agridomaine.com\/wp\/wp-content\/uploads\/2015\/10\/logo_grceta_idf_vecto-300x175.png 300w, http:\/\/www.agridomaine.com\/wp\/wp-content\/uploads\/2015\/10\/logo_grceta_idf_vecto-705x412.png 705w, http:\/\/www.agridomaine.com\/wp\/wp-content\/uploads\/2015\/10\/logo_grceta_idf_vecto-450x263.png 450w\" sizes=\"(max-width: 727px) 100vw, 727px\" \/><\/a><\/div><div data-avia-tooltip=\"GRCETA de l\u2019Evreucin\" class='slide-entry flex_column no_margin post-entry slide-entry-overview slide-loop-2 slide-parity-even  post-entry-last  av_one_half  real-thumbnail'><a href='http:\/\/grceta27.fr\/' data-rel='slide-1' class='slide-image' title=''  target=\"_blank\"  ><img  itemprop=\"contentURL\"  width=\"727\" height=\"425\" src=\"http:\/\/www.agridomaine.com\/wp\/wp-content\/uploads\/2021\/05\/LogoGR-pour-site-agridomaine.png\" class=\"attachment-no scaling size-no scaling\" alt=\"\" loading=\"lazy\" srcset=\"http:\/\/www.agridomaine.com\/wp\/wp-content\/uploads\/2021\/05\/LogoGR-pour-site-agridomaine.png 727w, http:\/\/www.agridomaine.com\/wp\/wp-content\/uploads\/2021\/05\/LogoGR-pour-site-agridomaine-300x175.png 300w, http:\/\/www.agridomaine.com\/wp\/wp-content\/uploads\/2021\/05\/LogoGR-pour-site-agridomaine-705x412.png 705w, http:\/\/www.agridomaine.com\/wp\/wp-content\/uploads\/2021\/05\/LogoGR-pour-site-agridomaine-450x263.png 450w\" sizes=\"(max-width: 727px) 100vw, 727px\" \/><\/a><\/div><\/div><\/div><\/div><\/div>\n<\/div><\/div><\/div><!-- close content main div --><\/div><\/div><div id='av_section_2' class='avia-section main_color avia-section-default avia-no-border-styling avia-bg-style-scroll  container_wrap sidebar_right' style = 'background-color: #fcfcfc; background-color: #fcfcfc; '  ><div class='container' ><div class='template-page content  av-content-small alpha units'><div class='post-entry post-entry-type-page post-entry-66'><div class='entry-content-wrapper clearfix'>\n<div class=\"flex_column av_one_full  flex_column_div av-zero-column-padding first  \" style='border-radius:0px; '><p><div style='padding-bottom:0px;' class='av-special-heading av-special-heading-h2  blockquote modern-quote modern-centered  '><h2 class='av-special-heading-tag'  itemprop=\"headline\"  >Des moyens humains<\/h2><div class='special-heading-border'><div class='special-heading-inner-border' ><\/div><\/div><\/div><br \/>\n<div style=' margin-top:5px; margin-bottom:35px;'  class='hr hr-custom hr-center hr-icon-no '><span class='hr-inner   inner-border-av-border-fat' style=' width:50px; border-color:#efbb20;' ><span class='hr-inner-style'><\/span><\/span><\/div><\/p><\/div><div class=\"flex_column av_one_third  av-animated-generic bottom-to-top  flex_column_div av-zero-column-padding first  \" style='border-radius:0px; '><p><div class='avia-image-container  av-styling-no-styling   avia-align-center '  itemscope=\"itemscope\" itemtype=\"https:\/\/schema.org\/ImageObject\"  ><div class='avia-image-container-inner'><img class='avia_image ' src='http:\/\/www.agridomaine.com\/wp\/wp-content\/uploads\/2022\/05\/Photo-de-Damien-Mahieu-300x225.jpg' alt='' title='Photo de Damien Mahieu'   itemprop=\"contentURL\"  \/><\/div><\/div><br \/>\n<div style='padding-bottom:0px;' class='av-special-heading av-special-heading-h3  blockquote modern-quote  '><h3 class='av-special-heading-tag'  itemprop=\"headline\"  >une \u00e9quipe d\u00e9di\u00e9e de gestionnaires d\u2019exploitations<\/h3><div class='special-heading-border'><div class='special-heading-inner-border' ><\/div><\/div><\/div><br \/>\n<div style=' margin-top:10px; margin-bottom:10px;'  class='hr hr-custom hr-left hr-icon-no '><span class='hr-inner   inner-border-av-border-fat' style=' width:50px; border-color:#efbb20;' ><span class='hr-inner-style'><\/span><\/span><\/div><br \/>\n<section class=\"av_textblock_section\"  itemscope=\"itemscope\" itemtype=\"https:\/\/schema.org\/CreativeWork\" ><div class='avia_textblock '   itemprop=\"text\" ><p>Charles-Edouard FAURE, Damien MAHIEU et Christoiphe MARTIN sont charg\u00e9s de la gestion de vos exploitations.<\/p>\n<\/div><\/section><\/p><\/div><div class=\"flex_column av_one_third  av-animated-generic bottom-to-top  flex_column_div av-zero-column-padding   \" style='border-radius:0px; '><p><div class='avia-image-container  av-styling-no-styling   avia-align-center '  itemscope=\"itemscope\" itemtype=\"https:\/\/schema.org\/ImageObject\"  ><div class='avia-image-container-inner'><img class='avia_image ' src='http:\/\/www.agridomaine.com\/wp\/wp-content\/uploads\/2015\/10\/agridomaine_semis-300x199.jpg' alt='' title='agridomaine_semis'   itemprop=\"contentURL\"  \/><\/div><\/div><br \/>\n<div style='padding-bottom:0px;' class='av-special-heading av-special-heading-h3  blockquote modern-quote  '><h3 class='av-special-heading-tag'  itemprop=\"headline\"  >des partenaires locaux<\/h3><div class='special-heading-border'><div class='special-heading-inner-border' ><\/div><\/div><\/div><br \/>\n<div style=' margin-top:10px; margin-bottom:10px;'  class='hr hr-custom hr-left hr-icon-no '><span class='hr-inner   inner-border-av-border-fat' style=' width:50px; border-color:#efbb20;' ><span class='hr-inner-style'><\/span><\/span><\/div><br \/>\n<section class=\"av_textblock_section\"  itemscope=\"itemscope\" itemtype=\"https:\/\/schema.org\/CreativeWork\" ><div class='avia_textblock '   itemprop=\"text\" ><p>Agridomaine travaille avec des ETA locales, en privil\u00e9giant la r\u00e9activit\u00e9 et le professionnalisme des prestataires.<\/p>\n<\/div><\/section><\/p><\/div><div class=\"flex_column av_one_third  av-animated-generic bottom-to-top  flex_column_div av-zero-column-padding   \" style='border-radius:0px; '><p><div class='avia-image-container  av-styling-no-styling   avia-align-center '  itemscope=\"itemscope\" itemtype=\"https:\/\/schema.org\/ImageObject\"  ><div class='avia-image-container-inner'><img class='avia_image ' src='http:\/\/www.agridomaine.com\/wp\/wp-content\/uploads\/2022\/05\/20220209_141036-300x169.jpg' alt='' title='20220209_141036'   itemprop=\"contentURL\"  \/><\/div><\/div><br \/>\n<div style='padding-bottom:0px;' class='av-special-heading av-special-heading-h3  blockquote modern-quote  '><h3 class='av-special-heading-tag'  itemprop=\"headline\"  >une \u00e9quipe d\u2019experts<\/h3><div class='special-heading-border'><div class='special-heading-inner-border' ><\/div><\/div><\/div><br \/>\n<div style=' margin-top:10px; margin-bottom:10px;'  class='hr hr-custom hr-left hr-icon-no '><span class='hr-inner   inner-border-av-border-fat' style=' width:50px; border-color:#efbb20;' ><span class='hr-inner-style'><\/span><\/span><\/div><br \/>\n<section class=\"av_textblock_section\"  itemscope=\"itemscope\" itemtype=\"https:\/\/schema.org\/CreativeWork\" ><div class='avia_textblock '   itemprop=\"text\" ><p>Agridomaine s&rsquo;appuie sur l&rsquo;expertise des GRCETA d&rsquo;Ile de France et de l&rsquo;Evreucin : soit 8 ing\u00e9nieurs agronomes, 4 exp\u00e9rimentateurs et 2 secr\u00e9taires.<\/p>\n<\/div><\/section><\/p><\/div><\/div><\/div><\/div><!-- close content main div --><\/div><\/div><div id='after_section_2' class='main_color av_default_container_wrap container_wrap sidebar_right'   ><div class='container' ><div class='template-page content  av-content-small alpha units'><div class='post-entry post-entry-type-page post-entry-66'><div class='entry-content-wrapper clearfix'><div class=\"flex_column av_one_full  flex_column_div av-zero-column-padding first  \" style='border-radius:0px; '><p><div style='padding-bottom:0px;' class='av-special-heading av-special-heading-h2  blockquote modern-quote modern-centered '><h2 class='av-special-heading-tag'  itemprop=\"headline\"  >Des moyens techniques<\/h2><div class='special-heading-border'><div class='special-heading-inner-border' ><\/div><\/div><\/div><br \/>\n<div style=' margin-top:5px; margin-bottom:35px;'  class='hr hr-custom hr-center hr-icon-no '><span class='hr-inner   inner-border-av-border-fat' style=' width:50px; border-color:#efbb20;' ><span class='hr-inner-style'><\/span><\/span><\/div><\/p><\/div><\/p>\n<div class=\"flex_column av_one_third  av-animated-generic bottom-to-top  flex_column_div av-zero-column-padding first  \" style='border-radius:0px; '><p><div class='avia-image-container  av-styling-no-styling   avia-align-center '  itemscope=\"itemscope\" itemtype=\"https:\/\/schema.org\/ImageObject\"  ><div class='avia-image-container-inner'><img class='avia_image ' src='http:\/\/www.agridomaine.com\/wp\/wp-content\/uploads\/2017\/02\/Photo-073-495x400.jpeg' alt='' title='Photo 073'   itemprop=\"contentURL\"  \/><\/div><\/div><br \/>\n<div style='padding-bottom:0px;' class='av-special-heading av-special-heading-h3  blockquote modern-quote  '><h3 class='av-special-heading-tag'  itemprop=\"headline\"  >Service exp\u00e9rimentation<\/h3><div class='special-heading-border'><div class='special-heading-inner-border' ><\/div><\/div><\/div><br \/>\n<div style=' margin-top:10px; margin-bottom:10px;'  class='hr hr-custom hr-left hr-icon-no '><span class='hr-inner   inner-border-av-border-fat' style=' width:50px; border-color:#efbb20;' ><span class='hr-inner-style'><\/span><\/span><\/div><br \/>\n<section class=\"av_textblock_section\"  itemscope=\"itemscope\" itemtype=\"https:\/\/schema.org\/CreativeWork\" ><div class='avia_textblock '   itemprop=\"text\" ><p>Profitant du r\u00e9f\u00e9rentiel des GRCETA, nos d\u00e9cisions sont appuy\u00e9es sur les&nbsp;exp\u00e9rimentations des GRCETA.&nbsp;<\/p>\n<ul>\n<li>Plus de 100 essais annuels<\/li>\n<li>Une r\u00e9partition sur tout le territoire<\/li>\n<li>Des laboratoires d\u00e9di\u00e9s \u00e0 l&rsquo;exp\u00e9rimentation<\/li>\n<\/ul>\n<\/div><\/section><\/p><\/div>\n<div class=\"flex_column av_one_third  av-animated-generic bottom-to-top  flex_column_div av-zero-column-padding   \" style='border-radius:0px; '><p><div class='avia-image-container  av-styling-no-styling   avia-align-center '  itemscope=\"itemscope\" itemtype=\"https:\/\/schema.org\/ImageObject\"  ><div class='avia-image-container-inner'><img class='avia_image ' src='http:\/\/www.agridomaine.com\/wp\/wp-content\/uploads\/2017\/02\/photos_agridomaine-telepac-495x400.jpg' alt='' title='D\u00e9claration PAC par Agridomaine'   itemprop=\"contentURL\"  \/><\/div><\/div><br \/>\n<div style='padding-bottom:0px;' class='av-special-heading av-special-heading-h3  blockquote modern-quote  '><h3 class='av-special-heading-tag'  itemprop=\"headline\"  >Outils et veille r\u00e9glementaire<\/h3><div class='special-heading-border'><div class='special-heading-inner-border' ><\/div><\/div><\/div><br \/>\n<div style=' margin-top:10px; margin-bottom:10px;'  class='hr hr-custom hr-left hr-icon-no '><span class='hr-inner   inner-border-av-border-fat' style=' width:50px; border-color:#efbb20;' ><span class='hr-inner-style'><\/span><\/span><\/div><br \/>\n<section class=\"av_textblock_section\"  itemscope=\"itemscope\" itemtype=\"https:\/\/schema.org\/CreativeWork\" ><div class='avia_textblock '   itemprop=\"text\" ><ul>\n<li>Logiciel de gestion d\u2018exploitation en ligne<\/li>\n<li>Recherche permanente des opportunit\u00e9s commerciales (achats intrants, circuits commercialisation, mat\u00e9riel)<\/li>\n<li>R\u00e9glementaire<\/li>\n<li>Technologique<\/li>\n<\/ul>\n<\/div><\/section><\/p><\/div>\n<div class=\"flex_column av_one_third  av-animated-generic bottom-to-top  flex_column_div av-zero-column-padding   \" style='border-radius:0px; '><p><div class='avia-image-container avia_animated_image avia_animate_when_almost_visible fade-in av-styling-no-styling   avia-align-center '  itemscope=\"itemscope\" itemtype=\"https:\/\/schema.org\/ImageObject\"  ><div class='avia-image-container-inner'><img class='avia_image ' src='http:\/\/www.agridomaine.com\/wp\/wp-content\/uploads\/2015\/10\/agridomaine_web_legume-495x400.jpg' alt='' title='agridomaine_web_legume'   itemprop=\"contentURL\"  \/><\/div><\/div><br \/>\n<div style='padding-bottom:0px;' class='av-special-heading av-special-heading-h3  blockquote modern-quote  '><h3 class='av-special-heading-tag'  itemprop=\"headline\"  >Une expertise terrain<\/h3><div class='special-heading-border'><div class='special-heading-inner-border' ><\/div><\/div><\/div><br \/>\n<div style=' margin-top:10px; margin-bottom:10px;'  class='hr hr-custom hr-left hr-icon-no '><span class='hr-inner   inner-border-av-border-fat' style=' width:50px; border-color:#efbb20;' ><span class='hr-inner-style'><\/span><\/span><\/div><br \/>\n<section class=\"av_textblock_section\"  itemscope=\"itemscope\" itemtype=\"https:\/\/schema.org\/CreativeWork\" ><div class='avia_textblock '   itemprop=\"text\" ><p>Expertise terrain construite \u00e0 partir de notre panel diversifi\u00e9 de syst\u00e8mes de production (grandes cultures) :<\/p>\n<ul>\n<li>Culture conventionnelle,<\/li>\n<li>Semis direct sous couvert v\u00e9g\u00e9tal,<\/li>\n<\/ul>\n<p>Nous sommes capables de nous adapter sur tous les syst\u00e8mes de grande culture.<\/p>\n<\/div><\/section><\/p><\/div>\n","protected":false},"excerpt":{"rendered":"","protected":false},"author":1,"featured_media":0,"parent":0,"menu_order":2,"comment_status":"closed","ping_status":"closed","template":"","meta":[],"_links":{"self":[{"href":"http:\/\/www.agridomaine.com\/index.php?rest_route=\/wp\/v2\/pages\/66"}],"collection":[{"href":"http:\/\/www.agridomaine.com\/index.php?rest_route=\/wp\/v2\/pages"}],"about":[{"href":"http:\/\/www.agridomaine.com\/index.php?rest_route=\/wp\/v2\/types\/page"}],"author":[{"embeddable":true,"href":"http:\/\/www.agridomaine.com\/index.php?rest_route=\/wp\/v2\/users\/1"}],"replies":[{"embeddable":true,"href":"http:\/\/www.agridomaine.com\/index.php?rest_route=%2Fwp%2Fv2%2Fcomments&post=66"}],"version-history":[{"count":48,"href":"http:\/\/www.agridomaine.com\/index.php?rest_route=\/wp\/v2\/pages\/66\/revisions"}],"predecessor-version":[{"id":1058,"href":"http:\/\/www.agridomaine.com\/index.php?rest_route=\/wp\/v2\/pages\/66\/revisions\/1058"}],"wp:attachment":[{"href":"http:\/\/www.agridomaine.com\/index.php?rest_route=%2Fwp%2Fv2%2Fmedia&parent=66"}],"curies":[{"name":"wp","href":"https:\/\/api.w.org\/{rel}","templated":true}]}}