{"id":257,"date":"2015-10-21T12:34:01","date_gmt":"2015-10-21T10:34:01","guid":{"rendered":"http:\/\/test.kriesi.at\/construction\/?page_id=31"},"modified":"2021-05-05T22:32:21","modified_gmt":"2021-05-05T20:32:21","slug":"company","status":"publish","type":"page","link":"http:\/\/www.agridomaine.com\/?page_id=257","title":{"rendered":"Pourquoi-nous ?"},"content":{"rendered":"<\/div><\/div><\/div><!-- close content main div --><\/div><\/div><div id='full_slider_1' class='avia-fullwidth-slider main_color avia-shadow  container_wrap sidebar_right'   ><div  data-size='no scaling'  data-lightbox_size='large'  data-animation='fade'  data-ids='345,87'  data-video_counter='0'  data-autoplay='true'  data-bg_slider='false'  data-slide_height=''  data-handle='av_slideshow_full'  data-interval='5'  data-class=' '  data-css_id=''  data-scroll_down=''  data-control_layout='av-control-hidden'  data-custom_markup=''  data-perma_caption=''  data-autoplay_stopper=''  data-image_attachment=''  data-min_height='0px'  data-src=''  data-position='top left'  data-repeat='no-repeat'  data-attach='scroll'  data-stretch=''  class='avia-slideshow avia-slideshow-1  av-control-hidden av-default-height-applied avia-slideshow-no scaling av_slideshow_full   avia-fade-slider '  itemscope=\"itemscope\" itemtype=\"https:\/\/schema.org\/ImageObject\" ><ul class='avia-slideshow-inner' style='padding-bottom: 20.833333333333%;'><li  class=' slide-1 ' ><div data-rel='slideshow-1' class='avia-slide-wrap'  ><img src='http:\/\/www.agridomaine.com\/wp\/wp-content\/uploads\/2015\/10\/agridomaine_semis_11920x400.jpg' width='1920' height='400' title='agridomaine_semis_11920x400' alt=''  itemprop=\"contentURL\"   \/><\/div><\/li><\/ul><\/div><\/div>\n<\/div><\/div><\/div><!-- close content main div --><\/div><\/div><div id='av_section_1' class='avia-section header_color avia-section-large avia-no-border-styling av-parallax-section avia-bg-style-parallax  container_wrap sidebar_right'  data-section-bg-repeat='no-repeat' ><div class='av-parallax' data-avia-parallax-ratio='0.3' ><div class='av-parallax-inner header_color  avia-full-stretch' style = 'background-repeat: no-repeat; background-image: url(http:\/\/test.kriesi.at\/construction\/wp-content\/uploads\/sites\/7\/2015\/10\/house-wire-model-fade-white-1500x1085.png); background-attachment: scroll; background-position: top left; ' ><\/div><\/div><div class='container' ><div class='template-page content  av-content-small alpha units'><div class='post-entry post-entry-type-page post-entry-257'><div class='entry-content-wrapper clearfix'>\n<div style='padding-bottom:0px;' class='av-special-heading av-special-heading-h2  blockquote modern-quote modern-centered  '><h2 class='av-special-heading-tag'  itemprop=\"headline\"  >Une nouvelle expertise \u00e0 votre service<\/h2><div class='special-heading-border'><div class='special-heading-inner-border' ><\/div><\/div><\/div>\n<div style=' margin-top:10px; margin-bottom:35px;'  class='hr hr-custom hr-center hr-icon-no '><span class='hr-inner   inner-border-av-border-fat' style=' width:50px; border-color:#efbb20;' ><span class='hr-inner-style'><\/span><\/span><\/div>\n<div class=\"flex_column av_one_third  av-animated-generic bottom-to-top  flex_column_div av-zero-column-padding first  \" style='border-radius:0px; '><article class=\"iconbox iconbox_left_content  \"  itemscope=\"itemscope\" itemtype=\"https:\/\/schema.org\/CreativeWork\" ><div class=\"iconbox_icon heading-color\" aria-hidden='true' data-av_icon='\ue856' data-av_iconfont='entypo-fontello'  ><\/div><div class=\"iconbox_content\"><header class=\"entry-content-header\"><h3 class='iconbox_content_title'  itemprop=\"headline\"  >une conduite adapt\u00e9e<\/h3><\/header><div class='iconbox_content_container '  itemprop=\"text\"  ><p>Nous nous engageons \u00e0 \u00e9tudier avec vous les possibilit\u00e9s d\u2019\u00e9volution qui permettront d\u2019optimiser le potentiel de vos sols et de la biodiversit\u00e9 locale.<\/p>\n<\/div><\/div><footer class=\"entry-footer\"><\/footer><\/article><\/div><div class=\"flex_column av_one_third  av-animated-generic bottom-to-top  flex_column_div av-zero-column-padding   \" style='border-radius:0px; '><article class=\"iconbox iconbox_left_content  \"  itemscope=\"itemscope\" itemtype=\"https:\/\/schema.org\/CreativeWork\" ><div class=\"iconbox_icon heading-color\" aria-hidden='true' data-av_icon='\ue84d' data-av_iconfont='entypo-fontello'  ><\/div><div class=\"iconbox_content\"><header class=\"entry-content-header\"><h3 class='iconbox_content_title'  itemprop=\"headline\"  >une exp\u00e9rience reconnue<\/h3><\/header><div class='iconbox_content_container '  itemprop=\"text\"  ><p>Depuis 2009, nous avons \u00e9tabli une relation de confiance avec nos clients et valorisons leur patrimoine agricole.<\/p>\n<\/div><\/div><footer class=\"entry-footer\"><\/footer><\/article><\/div><div class=\"flex_column av_one_third  av-animated-generic bottom-to-top  flex_column_div av-zero-column-padding   \" style='border-radius:0px; '><article class=\"iconbox iconbox_left_content  \"  itemscope=\"itemscope\" itemtype=\"https:\/\/schema.org\/CreativeWork\" ><div class=\"iconbox_icon heading-color\" aria-hidden='true' data-av_icon='\ue8cf' data-av_iconfont='entypo-fontello'  ><\/div><div class=\"iconbox_content\"><header class=\"entry-content-header\"><h3 class='iconbox_content_title'  itemprop=\"headline\"  >un travail transparent<\/h3><\/header><div class='iconbox_content_container '  itemprop=\"text\"  ><p>Toute nos op\u00e9rations sont clairement d\u00e9finies pr\u00e9alablement en partenariat avec nos clients et nos clients sont inform\u00e9s r\u00e9guli\u00e8rement de l\u2019avancement des travaux.<\/p>\n<\/div><\/div><footer class=\"entry-footer\"><\/footer><\/article><\/div><div class=\"flex_column av_one_third  av-animated-generic bottom-to-top  flex_column_div av-zero-column-padding first  \" style='border-radius:0px; '><article class=\"iconbox iconbox_left_content  \"  itemscope=\"itemscope\" itemtype=\"https:\/\/schema.org\/CreativeWork\" ><div class=\"iconbox_icon heading-color\" aria-hidden='true' data-av_icon='\ue8c2' data-av_iconfont='entypo-fontello'  ><\/div><div class=\"iconbox_content\"><header class=\"entry-content-header\"><h3 class='iconbox_content_title'  itemprop=\"headline\"  >une gestion strat\u00e9gique<\/h3><\/header><div class='iconbox_content_container '  itemprop=\"text\"  ><p>De fa\u00e7on syst\u00e9matique, notre approche consiste \u00e0 s\u00e9curiser les r\u00e9coltes en quantit\u00e9 et en qualit\u00e9 tout en minimisant l\u2019apport d\u2019intrants.<\/p>\n<\/div><\/div><footer class=\"entry-footer\"><\/footer><\/article><\/div><div class=\"flex_column av_one_third  av-animated-generic bottom-to-top  flex_column_div av-zero-column-padding   \" style='border-radius:0px; '><article class=\"iconbox iconbox_left_content  \"  itemscope=\"itemscope\" itemtype=\"https:\/\/schema.org\/CreativeWork\" ><div class=\"iconbox_icon heading-color\" aria-hidden='true' data-av_icon='\ue862' data-av_iconfont='entypo-fontello'  ><\/div><div class=\"iconbox_content\"><header class=\"entry-content-header\"><h3 class='iconbox_content_title'  itemprop=\"headline\"  >un appui technique comp\u00e9tent<\/h3><\/header><div class='iconbox_content_container '  itemprop=\"text\"  ><p>Nos clients b\u00e9n\u00e9ficient de l\u2019expertise de deux GrCeta r\u00e9unis, avec le suivi des cultures et les informations techniques de leurs exp\u00e9rimentations.<\/p>\n<\/div><\/div><footer class=\"entry-footer\"><\/footer><\/article><\/div>\n<\/div><\/div><\/div><!-- close content main div --><\/div><\/div><div id='after_section_1' class='main_color av_default_container_wrap container_wrap sidebar_right'   ><div class='container' ><div class='template-page content  av-content-small alpha units'><div class='post-entry post-entry-type-page post-entry-257'><div class='entry-content-wrapper clearfix'>\n<div style='padding-bottom:0px;' class='av-special-heading av-special-heading-h2  blockquote modern-quote modern-centered  '><h2 class='av-special-heading-tag'  itemprop=\"headline\"  >Des engagements d\u00e9finis<\/h2><div class='special-heading-border'><div class='special-heading-inner-border' ><\/div><\/div><\/div>\n<div style=' margin-top:10px; margin-bottom:35px;'  class='hr hr-custom hr-center hr-icon-no '><span class='hr-inner   inner-border-av-border-fat' style=' width:50px; border-color:#efbb20;' ><span class='hr-inner-style'><\/span><\/span><\/div>\n<div class='flex_column_table av-equal-height-column-flextable' ><div class=\"flex_column av_one_third  av-animated-generic fade-in  flex_column_table_cell av-equal-height-column av-align-top av-zero-column-padding first  \" style='border-radius:0px; '><p><span class=\"av_font_icon avia_animate_when_visible av-icon-style-border  avia-icon-pos-center \" style=\"color:#c4a11c; border-color:#c4a11c;\"><span class='av-icon-char' style='font-size:40px;line-height:40px;width:40px;' aria-hidden='true' data-av_icon='\ue83c' data-av_iconfont='entypo-fontello' ><\/span><span class='av_icon_caption av-special-font'>Transparence<\/span><\/span><br \/>\n<section class=\"av_textblock_section\"  itemscope=\"itemscope\" itemtype=\"https:\/\/schema.org\/CreativeWork\" ><div class='avia_textblock '   itemprop=\"text\" ><p>Toute nos op\u00e9rations sont clairement d\u00e9finies pr\u00e9alablement en partenariat avec vous.<\/p>\n<p>Un contact est maintenu pour vous tenir r\u00e9guli\u00e8rement inform\u00e9 de l\u2019avancement des travaux sur l\u2019exploitation<\/p>\n<\/div><\/section><\/p><\/div><div class='av-flex-placeholder'><\/div><div class=\"flex_column av_one_third  av-animated-generic fade-in  flex_column_table_cell av-equal-height-column av-align-top av-zero-column-padding   \" style='border-radius:0px; '><p><span class=\"av_font_icon avia_animate_when_visible av-icon-style-border  avia-icon-pos-center \" style=\"color:#c4a11c; border-color:#c4a11c;\"><span class='av-icon-char' style='font-size:40px;line-height:40px;width:40px;' aria-hidden='true' data-av_icon='\ue82b' data-av_iconfont='entypo-fontello' ><\/span><span class='av_icon_caption av-special-font'>Optimisation de votre marge<\/span><\/span><br \/>\n<section class=\"av_textblock_section\"  itemscope=\"itemscope\" itemtype=\"https:\/\/schema.org\/CreativeWork\" ><div class='avia_textblock '   itemprop=\"text\" ><p>Nos clients b\u00e9n\u00e9ficient dans ce but de tous les services con\u00e7us pour les adh\u00e9rents du GrCeta :<\/p>\n<ul>\n<li>Appels d\u2019offre approvisionnements et ETA<\/li>\n<li>S\u00e9lection progressive de produits et d\u2019OAD issue de nos exp\u00e9rimentations<\/li>\n<\/ul>\n<\/div><\/section><\/p><\/div><div class='av-flex-placeholder'><\/div><div class=\"flex_column av_one_third  av-animated-generic fade-in  flex_column_table_cell av-equal-height-column av-align-top av-zero-column-padding   \" style='border-radius:0px; '><p><span class=\"av_font_icon avia_animate_when_visible av-icon-style-border  avia-icon-pos-center \" style=\"color:#c4a11c; border-color:#c4a11c;\"><span class='av-icon-char' style='font-size:40px;line-height:40px;width:40px;' aria-hidden='true' data-av_icon='\ue894' data-av_iconfont='entypo-fontello' ><\/span><span class='av_icon_caption av-special-font'>Flexibilit\u00e9<\/span><\/span><br \/>\n<section class=\"av_textblock_section\"  itemscope=\"itemscope\" itemtype=\"https:\/\/schema.org\/CreativeWork\" ><div class='avia_textblock '   itemprop=\"text\" ><p>Nous restons avant tout \u00e0 l\u2019\u00e9coute de vos besoins, avec un partenariat \u00ab&nbsp;sur mesure&nbsp;\u00bb ne prenant en compte que les op\u00e9rations pour lesquelles notre service vous sera utile.<\/p>\n<p>C\u2019est sur cette flexibilit\u00e9 que repose la relation de confiance install\u00e9e avec nos clients depuis la cr\u00e9ation d\u2019Agridomaine.<\/p>\n<\/div><\/section><\/p><\/div><\/div><!--close column table wrapper. Autoclose:  --><\/p>\n","protected":false},"excerpt":{"rendered":"","protected":false},"author":1,"featured_media":0,"parent":0,"menu_order":5,"comment_status":"closed","ping_status":"closed","template":"","meta":[],"_links":{"self":[{"href":"http:\/\/www.agridomaine.com\/index.php?rest_route=\/wp\/v2\/pages\/257"}],"collection":[{"href":"http:\/\/www.agridomaine.com\/index.php?rest_route=\/wp\/v2\/pages"}],"about":[{"href":"http:\/\/www.agridomaine.com\/index.php?rest_route=\/wp\/v2\/types\/page"}],"author":[{"embeddable":true,"href":"http:\/\/www.agridomaine.com\/index.php?rest_route=\/wp\/v2\/users\/1"}],"replies":[{"embeddable":true,"href":"http:\/\/www.agridomaine.com\/index.php?rest_route=%2Fwp%2Fv2%2Fcomments&post=257"}],"version-history":[{"count":22,"href":"http:\/\/www.agridomaine.com\/index.php?rest_route=\/wp\/v2\/pages\/257\/revisions"}],"predecessor-version":[{"id":623,"href":"http:\/\/www.agridomaine.com\/index.php?rest_route=\/wp\/v2\/pages\/257\/revisions\/623"}],"wp:attachment":[{"href":"http:\/\/www.agridomaine.com\/index.php?rest_route=%2Fwp%2Fv2%2Fmedia&parent=257"}],"curies":[{"name":"wp","href":"https:\/\/api.w.org\/{rel}","templated":true}]}}